{"id":383,"date":"2022-10-29T05:41:43","date_gmt":"2022-10-29T05:41:43","guid":{"rendered":"https:\/\/carbuyersbroker.com\/p\/de\/?page_id=383"},"modified":"2022-12-31T02:46:15","modified_gmt":"2022-12-31T02:46:15","slug":"schaden-an-einem-auto","status":"publish","type":"page","link":"https:\/\/carbuyersbroker.com\/p\/de\/schaden-an-einem-auto\/","title":{"rendered":"Schaden An Einem Auto: Welcher Schaden k\u00f6nnte Sie davon abhalten, ein Auto zu kaufen?"},"content":{"rendered":"\n<p>Wie Sch\u00e4den an einem Auto unsere Kaufentscheidung beeinflussen k\u00f6nnen. K\u00e4ufer m\u00f6chten beim Kauf eines Autos meistens \u00fcber den Zustand des Fahrzeugs Bescheid wissen, auch wenn es neu ist. Die Besorgnis \u00fcber den Zustand hilft ihnen, eine fundierte Entscheidung zu treffen und zu entscheiden, ob sie kaufen oder nicht. Wir haben unten eine Umfrage erstellt, in der Sie abstimmen k\u00f6nnen. Bitte geben Sie Ihre Stimme ab, damit wir beim Kauf Ihres n\u00e4chsten Fahrzeugs besser dienen k\u00f6nnen.<\/p>\n\n\n<form id=\"forminator-module-388\" class=\"forminator-poll forminator-poll-388\" method=\"post\" data-forminator-render=\"0\" data-uid=\"69e2a67488db0\"><div role=\"alert\" aria-live=\"polite\" class=\"forminator-response-message\" aria-hidden=\"true\"><\/div><div class=\"forminator-poll-header\"><span id=\"forminator-poll-388--title\" class=\"forminator-question forminator-poll--question\">Wir w\u00fcrden uns \u00fcber Ihr Feedback freuen. Bitte teilen Sie uns den Schaden mit, der Sie vom Autokauf abhalten k\u00f6nnte.<\/span><\/div><\/form>\n","protected":false},"excerpt":{"rendered":"<p>Wie Sch\u00e4den an einem Auto unsere Kaufentscheidung beeinflussen k\u00f6nnen. K\u00e4ufer m\u00f6chten beim Kauf eines Autos meistens \u00fcber den Zustand des Fahrzeugs Bescheid wissen, auch wenn es neu ist. Die Besorgnis \u00fcber den Zustand hilft ihnen, eine fundierte Entscheidung zu treffen und zu entscheiden, ob sie kaufen oder nicht. Wir haben unten eine Umfrage erstellt, in [&hellip;]<\/p>\n","protected":false},"author":1,"featured_media":23,"parent":0,"menu_order":0,"comment_status":"closed","ping_status":"closed","template":"","meta":{"footnotes":""},"class_list":["post-383","page","type-page","status-publish","has-post-thumbnail","hentry","entry"],"_links":{"self":[{"href":"https:\/\/carbuyersbroker.com\/p\/de\/wp-json\/wp\/v2\/pages\/383","targetHints":{"allow":["GET"]}}],"collection":[{"href":"https:\/\/carbuyersbroker.com\/p\/de\/wp-json\/wp\/v2\/pages"}],"about":[{"href":"https:\/\/carbuyersbroker.com\/p\/de\/wp-json\/wp\/v2\/types\/page"}],"author":[{"embeddable":true,"href":"https:\/\/carbuyersbroker.com\/p\/de\/wp-json\/wp\/v2\/users\/1"}],"replies":[{"embeddable":true,"href":"https:\/\/carbuyersbroker.com\/p\/de\/wp-json\/wp\/v2\/comments?post=383"}],"version-history":[{"count":3,"href":"https:\/\/carbuyersbroker.com\/p\/de\/wp-json\/wp\/v2\/pages\/383\/revisions"}],"predecessor-version":[{"id":389,"href":"https:\/\/carbuyersbroker.com\/p\/de\/wp-json\/wp\/v2\/pages\/383\/revisions\/389"}],"wp:featuredmedia":[{"embeddable":true,"href":"https:\/\/carbuyersbroker.com\/p\/de\/wp-json\/wp\/v2\/media\/23"}],"wp:attachment":[{"href":"https:\/\/carbuyersbroker.com\/p\/de\/wp-json\/wp\/v2\/media?parent=383"}],"curies":[{"name":"wp","href":"https:\/\/api.w.org\/{rel}","templated":true}]}}