{"id":2,"date":"2019-04-20T15:49:23","date_gmt":"2019-04-20T15:49:23","guid":{"rendered":"https:\/\/carbuyersbroker.com\/p\/de\/?page_id=2"},"modified":"2024-05-01T21:48:12","modified_gmt":"2024-05-01T21:48:12","slug":"home","status":"publish","type":"page","link":"https:\/\/carbuyersbroker.com\/p\/de\/","title":{"rendered":"Export Autos nach Afrika verkaufen und mehr Gewinn machen"},"content":{"rendered":"\n<p><strong>Export Autos nach Afrika:<\/strong> Fahrzeuge besser nach Afrika verkaufen egal in welchem Zustand es sich befinden &#8211; wir finden eine passende Autok\u00e4ufer f\u00fcr das Auto. Denn Afrika ist und bleibt eine der gr\u00f6\u00dfte Gebrauchtwagen und Autoersatzteile Abnehmer in der Welt. In diesem Wachstum ist noch keine Grenze gesetzt. Die Nachfrage steigen st\u00e4ndig und Afrikanern m\u00fcssen Autos und Ersatzteile importieren, da im eigenen L\u00e4nder die Produktion nicht viel ist. Also, alte Fahrzeuge lohn sich dort zu verkaufen. Was haben Sie zu verlieren wenn Sie Ihre Export Autos nach Afrika verkaufen? Es ist kostenlos. <\/p>\n\n\n\n<div class=\"wp-block-buttons is-horizontal is-layout-flex wp-block-buttons-is-layout-flex\">\n<div class=\"wp-block-button\"><a class=\"wp-block-button__link has-background wp-element-button\" href=\"https:\/\/carbuyersbroker.com\/car-quote-request\" style=\"background-color:#da1b1e\" target=\"_blank\" rel=\"noreferrer noopener\">Jetzt Gratis Auto verkaufen!<\/a><\/div>\n<\/div>\n\n\n\n<h2 class=\"wp-block-heading\" id=\"h-wie-l-uft-es-mit-dem-automarkt-in-afrika-heute\">Wie ist der Automarkt in Afrika?<\/h2>\n\n\n<div class=\"wp-block-image\">\n<figure class=\"aligncenter size-large is-resized\"><img loading=\"lazy\" decoding=\"async\" width=\"700\" height=\"394\" src=\"https:\/\/carbuyersbroker.com\/p\/de\/wp-content\/uploads\/sites\/2\/2020\/05\/Gebrauchter-Automarkt-in-Afrika.jpg\" alt=\"Gebrauchter Automarkt in Afrika\" class=\"wp-image-95\" style=\"width:811px;height:456px\" title=\"\" srcset=\"https:\/\/carbuyersbroker.com\/p\/de\/wp-content\/uploads\/sites\/2\/2020\/05\/Gebrauchter-Automarkt-in-Afrika.jpg 700w, https:\/\/carbuyersbroker.com\/p\/de\/wp-content\/uploads\/sites\/2\/2020\/05\/Gebrauchter-Automarkt-in-Afrika-300x169.jpg 300w\" sizes=\"auto, (max-width: 700px) 100vw, 700px\" \/><figcaption class=\"wp-element-caption\">Gebrauchter Automarkt in Afrika verkaufen.<\/figcaption><\/figure>\n<\/div>\n\n\n<p>Wir sollten uns von dem Eindruck, dass Afrika sei ein Kontinent wo nur hilfsbed\u00fcrftige Menschen leben verabschieden. In Anbetracht dessen individuelle Entwicklung, sei Afrika mehr als nur das Portr\u00e4t, das man von au\u00dfen heute sieht. Schauen Sie <strong>Automarkt in Afrika heute<\/strong>. Haben Sie schon mal als Privatperson oder H\u00e4ndler ein Export Auto \u00fcber das Internet versucht zu verkaufen? <\/p>\n\n\n\n<p>Wenn ja, haben Sie auch sicherlich gemerkt, wie viel Afrikaner sich f\u00fcr Ihre Anzeige interessieren und bei Ihnen gemeldet haben? Nach unserer Sch\u00e4tzung sind von 10 interessierten 5 davon Afrikaner. Es liegt daran, dass eine gro\u00dfe Anfrage an Gebrauchtwagen st\u00e4ndig steigt. Auch Autoherstellern sind in dem Automarkt in Afrika sehr interessiert\u2014wenn es um gebrauchte Autos handelt.<\/p>\n\n\n\n<figure class=\"wp-block-pullquote\" style=\"font-size:15.5px\"><blockquote><p>Es l\u00e4uft eine Umfrage jetzt, welche wir Sie bitte uns zu helfen. Es ist \u00fcber wie Sch\u00e4den an einem Auto unsere Kaufentscheidung beeinflussen k\u00f6nnen. Wir bitten um zwei Minuten Ihre Zeit &#8211; nicht mehr. Wir bedanken uns im Voraus.<\/p><\/blockquote><\/figure>\n\n\n\n<h2 class=\"wp-block-heading\" id=\"h-gebrauchte-autos-angebote-von-autoherstellern\">Gebrauchte Autos Angebote von Autoherstellern<\/h2>\n\n\n<div class=\"wp-block-image\">\n<figure class=\"aligncenter size-large is-resized\"><img loading=\"lazy\" decoding=\"async\" width=\"700\" height=\"394\" src=\"https:\/\/carbuyersbroker.com\/p\/de\/wp-content\/uploads\/sites\/2\/2020\/05\/Autos-Angebote-von-Autoherstellern.jpg\" alt=\"Gebrauchte Autos Angebote von Autoherstellern\" class=\"wp-image-96\" style=\"width:811px;height:456px\" title=\"\" srcset=\"https:\/\/carbuyersbroker.com\/p\/de\/wp-content\/uploads\/sites\/2\/2020\/05\/Autos-Angebote-von-Autoherstellern.jpg 700w, https:\/\/carbuyersbroker.com\/p\/de\/wp-content\/uploads\/sites\/2\/2020\/05\/Autos-Angebote-von-Autoherstellern-300x169.jpg 300w\" sizes=\"auto, (max-width: 700px) 100vw, 700px\" \/><figcaption class=\"wp-element-caption\">Gebrauchte Autos Angebote von Autoherstellern<\/figcaption><\/figure>\n<\/div>\n\n\n<p>Mittlerweile entscheiden sich mehr Autohersteller Ihre gebrauchte Autos nach Afrika zu verkaufen. Denn f\u00fcr mittlere Gesellschaftsschichten sind meisten die Preise f\u00fcr einen neuen Wagen sehr teuer. Oder das Geld f\u00fcrs neue Wagen ist f\u00fcr afrikanischers &nbsp;Verh\u00e4ltnis rechts teuer. Der mittleren Schicht w\u00e4chst immer mehr und den Bedarf von gebrauchte Autos w\u00e4chst mit.<\/p>\n\n\n\n<h2 class=\"wp-block-heading\" id=\"h-wie-k-nnen-sie-als-autoh-ndler-in-deutschland-davon-profitieren\">Wie k\u00f6nnen Sie als Autoh\u00e4ndler in Deutschland davon profitieren?<\/h2>\n\n\n<div class=\"wp-block-image\">\n<figure class=\"aligncenter size-full is-resized\"><img loading=\"lazy\" decoding=\"async\" width=\"700\" height=\"394\" src=\"https:\/\/carbuyersbroker.com\/p\/de\/wp-content\/uploads\/sites\/2\/2024\/05\/Vorteil-fuer-Autohaendler-in-Deutschland.jpg\" alt=\"Autoh\u00e4ndler Vorteile Gebrauchte Fahrzeuge nach Afrika verkaufen\" class=\"wp-image-457\" style=\"width:811px;height:457px\" title=\"\" srcset=\"https:\/\/carbuyersbroker.com\/p\/de\/wp-content\/uploads\/sites\/2\/2024\/05\/Vorteil-fuer-Autohaendler-in-Deutschland.jpg 700w, https:\/\/carbuyersbroker.com\/p\/de\/wp-content\/uploads\/sites\/2\/2024\/05\/Vorteil-fuer-Autohaendler-in-Deutschland-300x169.jpg 300w\" sizes=\"auto, (max-width: 700px) 100vw, 700px\" \/><figcaption class=\"wp-element-caption\">Autoh\u00e4ndler Vorteile: Gebrauchte Fahrzeuge nach Afrika verkaufen<\/figcaption><\/figure>\n<\/div>\n\n\n<p> Unsere langj\u00e4hrige Erfahrung in Autobrauche erm\u00f6glicht uns direkte Verbindung zwischen unsere Kunden in Afrika und Autoh\u00e4ndler in Deutschland aufzubauen. Das Plattform (CAR BUYERS BROKER) hilft Ihnen dabei mit uns besser zu kommunizieren. H\u00e4ndler haben die M\u00f6glichkeit Ihre Export Autos bei uns zu inserieren. Das Inserat wird direkt an unserer Kunden App \u201c<strong><em>Cbb Autos<\/em><\/strong>\u201d &nbsp;angezeigt und wir k\u00fcmmern uns an allen Formalit\u00e4ten des Verkaufs. <\/p>\n\n\n\n<p>Um unsere Arbeit effektiver zu gestalten, haben wir ein B\u00fcro in Lagos Nigeria er\u00f6ffnet. Dieses B\u00fcro dient dort als Anlaufstelle f\u00fcr unsere Kunden. Sofern ein Autoh\u00e4ndler f\u00fcr sein Auto detaillierte Beschreibung \u00fcber seinen Zustand und ein realistischer Preis eingibt, streben wir um diesen Preis f\u00fcr den H\u00e4ndler. Hier gibt es keinen Zwischenh\u00e4ndler. <\/p>\n\n\n\n<h2 class=\"wp-block-heading\" id=\"h-wie-schnell-kann-ein-auto-nach-afrika-verkauft-wird\">Wie schnell kann ein Auto nach Afrika verkauft wird?<\/h2>\n\n\n<div class=\"wp-block-image\">\n<figure class=\"aligncenter size-large is-resized\"><img loading=\"lazy\" decoding=\"async\" width=\"700\" height=\"394\" src=\"https:\/\/carbuyersbroker.com\/p\/de\/wp-content\/uploads\/sites\/2\/2020\/05\/Fahrzeuge-schnell-nach-Afrika-verkaufen.jpg\" alt=\"Fahrzeuge schnell nach Afrika verkaufen\" class=\"wp-image-101\" style=\"width:811px;height:456px\" title=\"\" srcset=\"https:\/\/carbuyersbroker.com\/p\/de\/wp-content\/uploads\/sites\/2\/2020\/05\/Fahrzeuge-schnell-nach-Afrika-verkaufen.jpg 700w, https:\/\/carbuyersbroker.com\/p\/de\/wp-content\/uploads\/sites\/2\/2020\/05\/Fahrzeuge-schnell-nach-Afrika-verkaufen-300x169.jpg 300w\" sizes=\"auto, (max-width: 700px) 100vw, 700px\" \/><figcaption class=\"wp-element-caption\">Fahrzeuge schnell nach Afrika verkaufen<\/figcaption><\/figure>\n<\/div>\n\n\n<p>Durch Unmenge an Anfrage f\u00fcr Gebrauchtwagen an uns, haben wir meistens K\u00e4ufer f\u00fcr Ihr Auto bereit. Wir bem\u00fchen uns alle inserierte Fahrzeuge schnell ein K\u00e4ufer zu finden, da unserem Verdienst nur erfolgsorientiert ist. Wir zahlen bar und holen das Fahrzeug ab, wenn ein Kunde sich f\u00fcr ein Auto entscheidet. <\/p>\n\n\n\n<p>Es bleibt kostenlos f\u00fcr Sie als Autoh\u00e4ndler. Auch wenn Auto nicht fahrbereit ist \u2013 kommt nicht durch den T\u00dcV oder Motorschaden hat \u2013 wir finden ein K\u00e4ufer. Sofern der Schaden genau in der Anzeige vorher detailliert beschrieben worden ist.<\/p>\n\n\n\n<h3 class=\"wp-block-heading\" id=\"h-afrikanische-autom-rkte-aber-welche-autos-sind-in-afrika-gefragt\"> Afrikanische Autom\u00e4rkte: Aber welche Autos sind in Afrika gefragt?<\/h3>\n\n\n<div class=\"wp-block-image\">\n<figure class=\"aligncenter size-large is-resized\"><img loading=\"lazy\" decoding=\"async\" width=\"700\" height=\"394\" src=\"https:\/\/carbuyersbroker.com\/p\/de\/wp-content\/uploads\/sites\/2\/2020\/05\/Welche-Autos-liegen-im-Trend-Afrika.jpg\" alt=\"Welche Autos sind in Afrika gefragt?\" class=\"wp-image-104\" style=\"width:811px;height:456px\" title=\"\" srcset=\"https:\/\/carbuyersbroker.com\/p\/de\/wp-content\/uploads\/sites\/2\/2020\/05\/Welche-Autos-liegen-im-Trend-Afrika.jpg 700w, https:\/\/carbuyersbroker.com\/p\/de\/wp-content\/uploads\/sites\/2\/2020\/05\/Welche-Autos-liegen-im-Trend-Afrika-300x169.jpg 300w\" sizes=\"auto, (max-width: 700px) 100vw, 700px\" \/><figcaption class=\"wp-element-caption\">Welche Autos sind in Afrika gefragt?<\/figcaption><\/figure>\n<\/div>\n\n\n<p>Da die afrikanische Autom\u00e4rkte schwanken, ver\u00f6ffentlichen wir jede drei Monaten eine Liste von Autos, die in der letzten vergangenen drei Monaten am Meistens durch uns verkauft worden sind. Au\u00dferdem haben wir einen Stand in Berger \u2013 eine der gr\u00f6\u00dften Verkaufsstelle von Gebrauchtwagen in Nigeria. Mehrere Autok\u00e4ufer kommen dort, um Ihr Wunschfahrzeug zu find, das erm\u00f6glicht uns eine Umfrage \u00fcber Trend aufzunehmen. Kommen wir zur\u00fcck:  Welche Autos sind in Afrika gefragt? Einfach das Button untern klicken, um die Fahrzeuge, die jetzt im Trend liegen anzuschauen.<\/p>\n\n\n\n<div class=\"wp-block-buttons is-horizontal is-layout-flex wp-block-buttons-is-layout-flex\">\n<div class=\"wp-block-button\"><a class=\"wp-block-button__link has-background wp-element-button\" href=\"https:\/\/carbuyersbroker.com\/p\/de\/welche-fahrzeugtyp-in-afrika-gefragt\/\" style=\"background-color:#b72809\" target=\"_blank\" rel=\"noreferrer noopener\">Gefragte Autos In Afrika<\/a><\/div>\n<\/div>\n\n\n\n<p><br>Mit Car Buyers Broker bieten wir Sie eine Plattform, die Ihnen hilft unkompliziert und schnell Ihre Export-Autos direkt an den Kunden in Nigeria \u2013 ohne Mitverdiener aber mit h\u00f6herer Preise zu verkaufen. Nur f\u00fcr die 4 % des Verkaufspreises bekommen wir aber das Inserat bleibt f\u00fcr Sie unbegrenzte Zeit kostenlos.<br><br>Alle Inseraten sind kostenlos. Nur wenn wir Ihr Auto verkaufen, bekommen wir die 4 % des Verkaufspreises. Falls Sie Ihr Fahrzeug verkaufen bevor wir ein K\u00e4ufer finden \u2013 herzlich Gl\u00fcckwunsch \u2013 Sie zahlen uns nicht.<\/p>\n\n\n\n<h3 class=\"wp-block-heading\" id=\"h-werden-sie-premium-partner\">Werden Sie Premium Partner<\/h3>\n\n\n\n<p>Hier bieten wir Sie eine hervorragende Gelegenheit, Ihre Export Autos sechs Monate lang ohne Geb\u00fchr nach Afrika zu verkaufen\u2014unabh\u00e4ngig davon wie viele Fahrzeuge Sie verkaufen m\u00f6chten. <em><strong>Aber dieses Angebot ist jedoch nur f\u00fcr 12 Autoh\u00e4ndler im Jahr beschr\u00e4nkt.<\/strong><\/em><\/p>\n\n\n\n<div class=\"wp-block-buttons is-horizontal is-layout-flex wp-block-buttons-is-layout-flex\">\n<div class=\"wp-block-button\"><a class=\"wp-block-button__link has-background wp-element-button\" href=\"https:\/\/carbuyersbroker.com\/popular-7-seater-cars-in-nigeria\" style=\"background-color:#da1b1e\" target=\"_blank\" rel=\"noreferrer noopener\">Jetzt Premium Partner werden!<\/a><\/div>\n<\/div>\n\n\n\n<p><\/p>\n\n\n\n<p>Das k\u00f6nnte Ihnen interessieren -&gt; <a href=\"https:\/\/carbuyersbroker.com\/de\/best-mpvs-7-seater-for-transporters.html\" target=\"_blank\" rel=\"noreferrer noopener\">&nbsp;Beliebten 7-Sitzer Autos f\u00fcr Familien- oder Transportunternehmen<\/a><\/p>\n","protected":false},"excerpt":{"rendered":"<p>Export Autos nach Afrika: Fahrzeuge besser nach Afrika verkaufen egal in welchem Zustand es sich befinden &#8211; wir finden eine passende Autok\u00e4ufer f\u00fcr das Auto. Denn Afrika ist und bleibt eine der gr\u00f6\u00dfte Gebrauchtwagen und Autoersatzteile Abnehmer in der Welt. In diesem Wachstum ist noch keine Grenze gesetzt. Die Nachfrage steigen st\u00e4ndig und Afrikanern m\u00fcssen [&hellip;]<\/p>\n","protected":false},"author":2,"featured_media":249,"parent":0,"menu_order":0,"comment_status":"closed","ping_status":"open","template":"","meta":{"footnotes":""},"class_list":["post-2","page","type-page","status-publish","has-post-thumbnail","hentry","entry"],"_links":{"self":[{"href":"https:\/\/carbuyersbroker.com\/p\/de\/wp-json\/wp\/v2\/pages\/2","targetHints":{"allow":["GET"]}}],"collection":[{"href":"https:\/\/carbuyersbroker.com\/p\/de\/wp-json\/wp\/v2\/pages"}],"about":[{"href":"https:\/\/carbuyersbroker.com\/p\/de\/wp-json\/wp\/v2\/types\/page"}],"author":[{"embeddable":true,"href":"https:\/\/carbuyersbroker.com\/p\/de\/wp-json\/wp\/v2\/users\/2"}],"replies":[{"embeddable":true,"href":"https:\/\/carbuyersbroker.com\/p\/de\/wp-json\/wp\/v2\/comments?post=2"}],"version-history":[{"count":90,"href":"https:\/\/carbuyersbroker.com\/p\/de\/wp-json\/wp\/v2\/pages\/2\/revisions"}],"predecessor-version":[{"id":458,"href":"https:\/\/carbuyersbroker.com\/p\/de\/wp-json\/wp\/v2\/pages\/2\/revisions\/458"}],"wp:featuredmedia":[{"embeddable":true,"href":"https:\/\/carbuyersbroker.com\/p\/de\/wp-json\/wp\/v2\/media\/249"}],"wp:attachment":[{"href":"https:\/\/carbuyersbroker.com\/p\/de\/wp-json\/wp\/v2\/media?parent=2"}],"curies":[{"name":"wp","href":"https:\/\/api.w.org\/{rel}","templated":true}]}}